{"id":7,"date":"2019-11-22T12:00:52","date_gmt":"2019-11-22T12:00:52","guid":{"rendered":"https:\/\/albertomoreno.net\/?page_id=7"},"modified":"2024-03-25T13:47:09","modified_gmt":"2024-03-25T13:47:09","slug":"acerca-de","status":"publish","type":"page","link":"https:\/\/albertomoreno.net\/index.php\/acerca-de\/","title":{"rendered":"Acerca de"},"content":{"rendered":"\t\t<div data-elementor-type=\"wp-page\" data-elementor-id=\"7\" class=\"elementor elementor-7\">\n\t\t\t\t\t\t<section class=\"elementor-section elementor-top-section elementor-element elementor-element-18d077fc elementor-section-boxed elementor-section-height-default elementor-section-height-default\" data-id=\"18d077fc\" data-element_type=\"section\" data-e-type=\"section\">\n\t\t\t\t\t\t<div class=\"elementor-container elementor-column-gap-default\">\n\t\t\t\t\t<div class=\"elementor-column elementor-col-100 elementor-top-column elementor-element elementor-element-59c3eea6\" data-id=\"59c3eea6\" data-element_type=\"column\" data-e-type=\"column\">\n\t\t\t<div class=\"elementor-widget-wrap elementor-element-populated\">\n\t\t\t\t\t\t<div class=\"elementor-element elementor-element-6be4db9f elementor-widget elementor-widget-text-editor\" data-id=\"6be4db9f\" data-element_type=\"widget\" data-e-type=\"widget\" data-widget_type=\"text-editor.default\">\n\t\t\t\t<div class=\"elementor-widget-container\">\n\t\t\t\t\t\t\t\t\t<h3>Gracias a nuestra experiencia en diferentes servicios y sectores durante a\u00f1os, podemos ofrecerte una gran oferta para lo que tu o tu empresa necesites.<\/h3>\n<ul>\n<li><span style=\"font-size: 14pt;\">Montaje, instalaci\u00f3n y actualizaciones de equipos inform\u00e1ticos y software.<\/span><\/li>\n<li><span style=\"font-size: 14pt;\">Limpieza del hardware.<\/span><\/li>\n<li><span style=\"font-size: 14pt;\">Optimizaciones del sistema, limpieza de virus.<\/span><\/li>\n<li><span style=\"font-size: 14pt;\">Creaci\u00f3n y mantenimiento de p\u00e1ginas web y redes sociales.<\/span><\/li>\n<li><span style=\"font-size: 14pt;\">Programaci\u00f3n en entornos windows y web.<\/span><\/li>\n<li><span style=\"font-size: 14pt;\">Copias de seguridad.<\/span><\/li>\n<li><span style=\"font-size: 14pt;\">Trabajos de ofim\u00e1tica.<\/span><\/li>\n<li><span style=\"font-size: 14pt;\">V\u00eddeo animaciones, tratamiento y restauraci\u00f3n de im\u00e1genes.<\/span><\/li>\n<li><span style=\"font-size: 14pt;\">Creaci\u00f3n de tarjetas de visita, cartas de men\u00fa para restaurantes tanto en papel como en formato QR, platos en el men\u00fa en formato de realidad aumentada.<\/span><\/li>\n<li><span style=\"font-size: 14pt;\">Instalaci\u00f3n y mantenimiento de TPVs.<\/span><\/li>\n<li><span style=\"font-size: 14pt;\">Cambio de formatos de archivos.<\/span><\/li>\n<li><span style=\"font-size: 14pt;\">Digitalizaci\u00f3n de cassetes y discos de vinilo.<\/span><\/li>\n<li><span style=\"font-size: 14pt;\">Etc&#8230;<\/span><\/li>\n<\/ul>\n<div style=\"display: table; width: 100%;\">\n<div style=\"float: left; width: 20%;\">\n<div style=\"float: left; width: 100%;\"><img decoding=\"async\" class=\"alignleft\" src=\"https:\/\/albertomoreno.net\/wp-content\/uploads\/imgspgs\/Marketing-Tool.jpg\" alt=\"\" width=\"100%\" height=\"100%\" \/><\/div>\n<div style=\"float: left; width: 100%;\"><img decoding=\"async\" class=\"alignleft\" src=\"https:\/\/albertomoreno.net\/wp-content\/uploads\/imgspgs\/harware05.jpg\" alt=\"\" width=\"100%\" height=\"100%\" \/><\/div>\n<div style=\"float: left; width: 100%;\"><img decoding=\"async\" class=\"alignleft\" src=\"https:\/\/albertomoreno.net\/wp-content\/uploads\/imgspgs\/ofimatica01.jpg\" alt=\"\" width=\"100%\" height=\"100%\" \/><\/div>\n<\/div>\n<div style=\"float: left; width: 20%;\">\n<div style=\"float: left; width: 100%;\"><img decoding=\"async\" class=\"alignleft\" src=\"https:\/\/albertomoreno.net\/wp-content\/uploads\/imgspgs\/limpieza03.jpg\" alt=\"\" width=\"100%\" height=\"100%\" \/><\/div>\n<div style=\"float: left; width: 100%;\"><img decoding=\"async\" class=\"alignleft\" src=\"https:\/\/albertomoreno.net\/wp-content\/uploads\/imgspgs\/programacion04.jpg\" alt=\"\" width=\"100%\" height=\"100%\" \/><\/div>\n<\/div>\n<div style=\"float: left; width: 20%;\">\n<div style=\"float: left; width: 100%;\"><img decoding=\"async\" class=\"alignleft\" src=\"https:\/\/albertomoreno.net\/wp-content\/uploads\/imgspgs\/dise\u00f1o01.jpg\" alt=\"\" width=\"100%\" height=\"100%\" \/><\/div>\n<div style=\"float: left; width: 100%;\"><img decoding=\"async\" class=\"alignleft\" src=\"https:\/\/albertomoreno.net\/wp-content\/uploads\/imgspgs\/web01.jpg\" alt=\"\" width=\"100%\" height=\"100%\" \/><\/div>\n<div style=\"float: left; width: 100%;\"><img decoding=\"async\" class=\"alignleft\" src=\"https:\/\/albertomoreno.net\/wp-content\/uploads\/imgspgs\/update03.png\" alt=\"\" width=\"100%\" height=\"100%\" \/><\/div>\n<\/div>\n<div style=\"float: right; width: 35%;\">\n<div style=\"float: left; width: 100%;\">\n<p>Llama y consulta precios y disponibilidad en el +34 655371626<\/p>\n<\/div>\n<div style=\"float: left; width: 100%;\">\n<p>o contacta por e-mail \u2013 albertomoreno.hol.es@gmail.com<\/p>\n<\/div>\n<\/div>\n<\/div>\n<p><img decoding=\"async\" class=\"aligncenter\" src=\"https:\/\/albertomoreno.net\/wp-content\/uploads\/imgspgs\/Contacta.jpg\" alt=\"\" width=\"60%\" height=\"60%\" \/><\/p>\t\t\t\t\t\t\t\t<\/div>\n\t\t\t\t<\/div>\n\t\t\t\t\t<\/div>\n\t\t<\/div>\n\t\t\t\t\t<\/div>\n\t\t<\/section>\n\t\t\t\t<\/div>\n\t\t","protected":false},"excerpt":{"rendered":"<p>Gracias a nuestra experiencia en diferentes servicios y sectores durante a\u00f1os, podemos ofrecerte una gran oferta para lo que tu o tu empresa necesites. Montaje, instalaci\u00f3n y actualizaciones de equipos inform\u00e1ticos y software. Limpieza del hardware. Optimizaciones del sistema, limpieza de virus. Creaci\u00f3n y mantenimiento de p\u00e1ginas web y redes sociales. Programaci\u00f3n en entornos windows y web. Copias de seguridad. Trabajos de ofim\u00e1tica. V\u00eddeo animaciones, tratamiento y restauraci\u00f3n de im\u00e1genes. Creaci\u00f3n de tarjetas de visita, cartas de men\u00fa para restaurantes tanto en papel como en formato QR, platos en el men\u00fa en formato de realidad aumentada. Instalaci\u00f3n y mantenimiento de TPVs. Cambio de formatos de archivos. Digitalizaci\u00f3n de cassetes y discos de vinilo. Etc&#8230; Llama y consulta precios y disponibilidad en el +34 655371626 o contacta por e-mail \u2013 albertomoreno.hol.es@gmail.com<\/p>\n","protected":false},"author":1,"featured_media":0,"parent":0,"menu_order":0,"comment_status":"closed","ping_status":"closed","template":"","meta":{"footnotes":""},"class_list":["post-7","page","type-page","status-publish","hentry"],"acf":[],"_links":{"self":[{"href":"https:\/\/albertomoreno.net\/index.php\/wp-json\/wp\/v2\/pages\/7","targetHints":{"allow":["GET"]}}],"collection":[{"href":"https:\/\/albertomoreno.net\/index.php\/wp-json\/wp\/v2\/pages"}],"about":[{"href":"https:\/\/albertomoreno.net\/index.php\/wp-json\/wp\/v2\/types\/page"}],"author":[{"embeddable":true,"href":"https:\/\/albertomoreno.net\/index.php\/wp-json\/wp\/v2\/users\/1"}],"replies":[{"embeddable":true,"href":"https:\/\/albertomoreno.net\/index.php\/wp-json\/wp\/v2\/comments?post=7"}],"version-history":[{"count":15,"href":"https:\/\/albertomoreno.net\/index.php\/wp-json\/wp\/v2\/pages\/7\/revisions"}],"predecessor-version":[{"id":443,"href":"https:\/\/albertomoreno.net\/index.php\/wp-json\/wp\/v2\/pages\/7\/revisions\/443"}],"wp:attachment":[{"href":"https:\/\/albertomoreno.net\/index.php\/wp-json\/wp\/v2\/media?parent=7"}],"curies":[{"name":"wp","href":"https:\/\/api.w.org\/{rel}","templated":true}]}}